{"id":3,"date":"2020-06-03T10:03:09","date_gmt":"2020-06-03T08:03:09","guid":{"rendered":"http:\/\/bluservice.svilupponetcoadv.com\/?page_id=3"},"modified":"2020-10-26T09:32:34","modified_gmt":"2020-10-26T08:32:34","slug":"privacy-policy","status":"publish","type":"page","link":"https:\/\/www.bluservice.it\/it\/privacy-policy\/","title":{"rendered":"Privacy Policy"},"content":{"rendered":"<h1>Privacy e cookie policy<\/h1>\n<h3>INFORMATIVA PER IL TRATTAMENTO DEI DATI PERSONALI<\/h3>\n<p>Informativa ai sensi e per gli effetti di cui all\u2019art. 13 e ss. del Regolamento UE n. 679\/2016 del 27 aprile 2016, (General Data Protection Regulation &#8211; G.D.P.R.) \u201crelativo alla protezione delle persone fisiche con riguardo al trattamento dei dati personali, nonch\u00e9 alla libera circolazione di tali dati e che abroga la direttiva 95\/46\/CE (regolamento generale sulla protezione dei dati)\u201d<\/p>\n<p>Ai sensi e per gli effetti di cui all\u2019art. 13 del Regolamento UE n. 679\/2016 vi informiamo di quanto segue.<\/p>\n<p>Attuando la procedura di iscrizione, gli utenti comunicano volontariamente a Bluservice S.r.l., Titolare del trattamento, i propri dati personali.<\/p>\n<p>I dati personali inviati dagli utenti mediante le procedure di registrazione ai nostri servizi saranno trattati nel rispetto dei principi di protezione dei dati personali stabiliti dal Regolamento UE n. 679\/2016 e dalle altre norme vigenti in materia.<\/p>\n<p>Il conferimento dei dati \u00e8 facoltativo. Tuttavia, il mancato conferimento dei dati ritenuti obbligatori (contrassegnati con il segno *) impedir\u00e0 la corretta registrazione al sito, nonch\u00e9 la possibilit\u00e0 di fruire dei servizi riservati agli utenti registrati forniti dal portale, e, in caso di acquisto, l\u2019esecuzione dell\u2019ordine di acquisto da parte di Bluservice S.r.l. della proposta d\u2019ordine e l\u2019esecuzione del relativo contratto.<\/p>\n<h3>Titolare, Responsabile della Protezione dei dati e Responsabili del trattamento dei dati<\/h3>\n<p>Il Titolare del trattamento \u00e8 Bluservice S.r.l. (di seguito anche il &#8220;Titolare del trattamento&#8221;) e pu\u00f2 essere contattato mediante comunicazione scritta da inviarsi a: Bluservice S.r.l., Corso Umberto I n. 112 &#8211; 74123 Taranto (Italia).<\/p>\n<p>Il Responsabile della Protezione dei dati, nominato dal Titolare del trattamento pu\u00f2 essere contattato via e-mail al seguente indirizzo: <a href=\"mailto:privacy@bluservice.it\">privacy@bluservice.it<\/a><\/p>\n<p>L&#8217;elenco aggiornato dei responsabili nominati dal Titolare ai sensi dell&#8217;art.28 del Regolamento UE citato e delle persone autorizzate al trattamento \u00e8 consultabile presso la sede di Bluservice S.r.l.<\/p>\n<h3>Finalit\u00e0 e modalit\u00e0 del trattamento dei dati<\/h3>\n<p>I dati personali raccolti con la presente registrazione sono trattati al fine di consentire l\u2019accesso ai servizi forniti dal portale e riservati agli utenti registrati.<\/p>\n<p>Nel caso in cui l\u2019utente abbia espresso il consenso al momento dell\u2019attivazione del servizio, o lo esprima successivamente e fino alla revoca dello stesso, i suoi dati personali potranno essere trattati da Bluservice S.r.l. per:<\/p>\n<ol>\n<li>consentire l\u2019accesso ai servizi forniti dai portali e riservati agli utenti registrati;<\/li>\n<li>inviare, nel caso in cui gli utenti abbiano espresso il consenso al momento dell\u2019attivazione del servizio, o lo esprimano successivamente, e fino alla revoca dello stesso, comunicazioni di carattere commerciale su prodotti e servizi propri, o di societ\u00e0 terze anche con modalit\u00e0 automatizzate, per finalit\u00e0 di vendita diretta, nonch\u00e9 per l\u2019invio di ricerche di mercato e per la verifica del grado di soddisfazione degli utenti;<\/li>\n<li>comunicare e cedere a terze parti i dati degli utenti, nel caso in cui gli stessi abbiano espresso il consenso al momento dell\u2019attivazione del servizio, o lo esprimano successivamente, e fino alla revoca dello stesso, per l\u2019invio di comunicazioni di carattere commerciale su prodotti e servizi propri, anche con modalit\u00e0 automatizzate, per finalit\u00e0 di vendita diretta, nonch\u00e9 per l\u2019invio di ricerche di mercato;<\/li>\n<li>effettuare, nel caso in cui gli utenti abbiano espresso il consenso al momento dell\u2019attivazione del servizio, o lo esprimano successivamente, e fino alla revoca dello stesso, anche mediante strumenti elettronici, attivit\u00e0 di analisi di specifici comportamenti e abitudini di consumo, in modo da migliorare i servizi forniti e indirizzare le proposte commerciali di interesse dell\u2019utente, offrendo anche a terzi i dati aggregati di riepilogo delle aperture e dei click ottenuti attraverso un sistema di tracciatura mediante \u201ccookie\u201d<\/li>\n<li>Bluservice S.r.l. utilizzer\u00e0, inoltre, i dati personali per finalit\u00e0 amministrative e contabili e per l\u2019esecuzione degli obblighi contrattuali nei confronti degli utenti che facciano parte della propria clientela.<\/li>\n<\/ol>\n<p>I dati personali inviati mediante le procedure di registrazione ai servizi dei siti web possono essere trattati da Bluservice S.r.l. con strumenti automatizzati. Resta ferma la possibilit\u00e0 per Bluservice S.r.l. di trattare i predetti dati in forma aggregata, nel rispetto delle misure prescritte dall\u2019Autorit\u00e0 Garante e in virt\u00f9 dello specifico esonero dal consenso previsto dalla medesima, per analisi ed elaborazioni elettroniche (es.: classificazione dell\u2019intera clientela in categorie omogenee per livelli di servizi, consumi, spesa, ecc.) dirette a monitorare periodicamente lo sviluppo e l\u2019andamento economico delle attivit\u00e0 di Bluservice S.r.l., a orientare i relativi processi industriali e commerciali, a migliorare i servizi, nonch\u00e9 a progettare e realizzare le campagne di comunicazione commerciale.<\/p>\n<p>Specifiche misure di sicurezza sono osservate da Bluservice S.r.l. per prevenire la perdita dei dati, usi illeciti, o non corretti, e accessi non autorizzati.<\/p>\n<p>I dati personali sono registrati e custoditi su database elettronici situati in Italia, in Paesi appartenenti allo Spazio Economico Europeo (SEE) e in Paesi terzi che garantiscono un adeguato livello di protezione dei dati.<\/p>\n<p>Il trattamento dei dati personali forniti dagli utenti potr\u00e0 essere effettuato anche da societ\u00e0, enti o consorzi, nominati responsabili del trattamento ai sensi dell\u2019art. 28 del Regolamento UE citato, che, per conto di Bluservice S.r.l, forniscono specifici servizi elaborativi, o attivit\u00e0 connesse, strumentali o di supporto.<\/p>\n<p>Tra questi responsabili di trattamento vi \u00e8 il fornitore del servizio di hosting del sito web di Bluservice S.r.l.<\/p>\n<p>I dati personali forniti dagli utenti potranno essere, inoltre, comunicati:<\/p>\n<ul>\n<li>a societ\u00e0 partecipate o collegate;<\/li>\n<li>a soggetti ai quali la facolt\u00e0 di accedere ai dati personali sia riconosciuta da disposizioni di legge, da regolamenti o dalla normativa comunitaria;<\/li>\n<li>a soggetti nei confronti dei quali la comunicazione sia prevista da norme di legge o di regolamento, ovvero da soggetti pubblici per lo svolgimento delle loro funzioni istituzionali.<\/li>\n<\/ul>\n<p>Il periodo di conservazione dei dati personali di cui sopra \u00e8 di:<\/p>\n<ul>\n<li>24 mesi per le finalit\u00e0 di cui ai punti 2) e 3);<\/li>\n<li>12 mesi per la finalit\u00e0 di cui al punto 4);<\/li>\n<li>10 anni dalla data della cessazione del rapporto contrattuale per la finalit\u00e0 di cui al punto 5).<\/li>\n<\/ul>\n<p>&nbsp;<\/p>\n<h3>Diritti dell&#8217;interessato<\/h3>\n<p>L\u2019interessato ha il diritto di chiedere a Bluservice S.r.l. l&#8217;accesso ai dati personali che lo riguardano, nonch\u00e9 la rettifica, la cancellazione, la limitazione, l\u2019opposizione al loro trattamento e la portabilit\u00e0 degli stessi, ove trattati in modo automatizzato sulla base del consenso o per l\u2019esecuzione del contratto.<\/p>\n<p>L\u2019interessato ha il diritto di revocare il consenso in qualsiasi momento senza pregiudicare la liceit\u00e0 del trattamento basata sul consenso prestato prima della revoca.<\/p>\n<p>L\u2019interessato ha il diritto di proporre reclamo all&#8217;Autorit\u00e0 Garante per il trattamento dei dati personali, ai sensi dell\u2019art. 77 del Regolamento UE 679\/2016.<\/p>\n","protected":false},"excerpt":{"rendered":"<p>Privacy e cookie policy INFORMATIVA PER IL TRATTAMENTO DEI DATI PERSONALI Informativa ai sensi e per gli effetti di cui all\u2019art. 13 e ss. del Regolamento UE n. 679\/2016 del 27 aprile 2016, (General Data Protection Regulation &#8211; G.D.P.R.) \u201crelativo alla protezione delle persone fisiche con riguardo al trattamento dei dati personali, nonch\u00e9 alla libera&hellip;<\/p>\n","protected":false},"author":1,"featured_media":0,"parent":0,"menu_order":0,"comment_status":"closed","ping_status":"closed","template":"","meta":[],"yoast_head":"<!-- This site is optimized with the Yoast SEO plugin v18.2 - https:\/\/yoast.com\/wordpress\/plugins\/seo\/ -->\n<title>Privacy Policy - Bluservice<\/title>\n<meta name=\"robots\" content=\"index, follow, max-snippet:-1, max-image-preview:large, max-video-preview:-1\" \/>\n<link rel=\"canonical\" href=\"https:\/\/www.bluservice.it\/it\/privacy-policy\/\" \/>\n<meta property=\"og:locale\" content=\"it_IT\" \/>\n<meta property=\"og:type\" content=\"article\" \/>\n<meta property=\"og:title\" content=\"Privacy Policy - Bluservice\" \/>\n<meta property=\"og:description\" content=\"Privacy e cookie policy INFORMATIVA PER IL TRATTAMENTO DEI DATI PERSONALI Informativa ai sensi e per gli effetti di cui all\u2019art. 13 e ss. del Regolamento UE n. 679\/2016 del 27 aprile 2016, (General Data Protection Regulation &#8211; G.D.P.R.) \u201crelativo alla protezione delle persone fisiche con riguardo al trattamento dei dati personali, nonch\u00e9 alla libera&hellip;\" \/>\n<meta property=\"og:url\" content=\"https:\/\/www.bluservice.it\/it\/privacy-policy\/\" \/>\n<meta property=\"og:site_name\" content=\"Bluservice\" \/>\n<meta property=\"article:modified_time\" content=\"2020-10-26T08:32:34+00:00\" \/>\n<meta name=\"twitter:card\" content=\"summary_large_image\" \/>\n<meta name=\"twitter:label1\" content=\"Est. reading time\" \/>\n\t<meta name=\"twitter:data1\" content=\"5 minuti\" \/>\n<script type=\"application\/ld+json\" class=\"yoast-schema-graph\">{\"@context\":\"https:\/\/schema.org\",\"@graph\":[{\"@type\":\"WebSite\",\"@id\":\"https:\/\/www.bluservice.it\/#website\",\"url\":\"https:\/\/www.bluservice.it\/\",\"name\":\"Bluservice\",\"description\":\"\",\"potentialAction\":[{\"@type\":\"SearchAction\",\"target\":{\"@type\":\"EntryPoint\",\"urlTemplate\":\"https:\/\/www.bluservice.it\/?s={search_term_string}\"},\"query-input\":\"required name=search_term_string\"}],\"inLanguage\":\"it-IT\"},{\"@type\":\"WebPage\",\"@id\":\"https:\/\/www.bluservice.it\/it\/privacy-policy\/#webpage\",\"url\":\"https:\/\/www.bluservice.it\/it\/privacy-policy\/\",\"name\":\"Privacy Policy - Bluservice\",\"isPartOf\":{\"@id\":\"https:\/\/www.bluservice.it\/#website\"},\"datePublished\":\"2020-06-03T08:03:09+00:00\",\"dateModified\":\"2020-10-26T08:32:34+00:00\",\"breadcrumb\":{\"@id\":\"https:\/\/www.bluservice.it\/it\/privacy-policy\/#breadcrumb\"},\"inLanguage\":\"it-IT\",\"potentialAction\":[{\"@type\":\"ReadAction\",\"target\":[\"https:\/\/www.bluservice.it\/it\/privacy-policy\/\"]}]},{\"@type\":\"BreadcrumbList\",\"@id\":\"https:\/\/www.bluservice.it\/it\/privacy-policy\/#breadcrumb\",\"itemListElement\":[{\"@type\":\"ListItem\",\"position\":1,\"name\":\"Home\",\"item\":\"https:\/\/www.bluservice.it\/it\/\"},{\"@type\":\"ListItem\",\"position\":2,\"name\":\"Privacy Policy\"}]}]}<\/script>\n<!-- \/ Yoast SEO plugin. -->","yoast_head_json":{"title":"Privacy Policy - Bluservice","robots":{"index":"index","follow":"follow","max-snippet":"max-snippet:-1","max-image-preview":"max-image-preview:large","max-video-preview":"max-video-preview:-1"},"canonical":"https:\/\/www.bluservice.it\/it\/privacy-policy\/","og_locale":"it_IT","og_type":"article","og_title":"Privacy Policy - Bluservice","og_description":"Privacy e cookie policy INFORMATIVA PER IL TRATTAMENTO DEI DATI PERSONALI Informativa ai sensi e per gli effetti di cui all\u2019art. 13 e ss. del Regolamento UE n. 679\/2016 del 27 aprile 2016, (General Data Protection Regulation &#8211; G.D.P.R.) \u201crelativo alla protezione delle persone fisiche con riguardo al trattamento dei dati personali, nonch\u00e9 alla libera&hellip;","og_url":"https:\/\/www.bluservice.it\/it\/privacy-policy\/","og_site_name":"Bluservice","article_modified_time":"2020-10-26T08:32:34+00:00","twitter_card":"summary_large_image","twitter_misc":{"Est. reading time":"5 minuti"},"schema":{"@context":"https:\/\/schema.org","@graph":[{"@type":"WebSite","@id":"https:\/\/www.bluservice.it\/#website","url":"https:\/\/www.bluservice.it\/","name":"Bluservice","description":"","potentialAction":[{"@type":"SearchAction","target":{"@type":"EntryPoint","urlTemplate":"https:\/\/www.bluservice.it\/?s={search_term_string}"},"query-input":"required name=search_term_string"}],"inLanguage":"it-IT"},{"@type":"WebPage","@id":"https:\/\/www.bluservice.it\/it\/privacy-policy\/#webpage","url":"https:\/\/www.bluservice.it\/it\/privacy-policy\/","name":"Privacy Policy - Bluservice","isPartOf":{"@id":"https:\/\/www.bluservice.it\/#website"},"datePublished":"2020-06-03T08:03:09+00:00","dateModified":"2020-10-26T08:32:34+00:00","breadcrumb":{"@id":"https:\/\/www.bluservice.it\/it\/privacy-policy\/#breadcrumb"},"inLanguage":"it-IT","potentialAction":[{"@type":"ReadAction","target":["https:\/\/www.bluservice.it\/it\/privacy-policy\/"]}]},{"@type":"BreadcrumbList","@id":"https:\/\/www.bluservice.it\/it\/privacy-policy\/#breadcrumb","itemListElement":[{"@type":"ListItem","position":1,"name":"Home","item":"https:\/\/www.bluservice.it\/it\/"},{"@type":"ListItem","position":2,"name":"Privacy Policy"}]}]}},"_links":{"self":[{"href":"https:\/\/www.bluservice.it\/it\/wp-json\/wp\/v2\/pages\/3"}],"collection":[{"href":"https:\/\/www.bluservice.it\/it\/wp-json\/wp\/v2\/pages"}],"about":[{"href":"https:\/\/www.bluservice.it\/it\/wp-json\/wp\/v2\/types\/page"}],"author":[{"embeddable":true,"href":"https:\/\/www.bluservice.it\/it\/wp-json\/wp\/v2\/users\/1"}],"replies":[{"embeddable":true,"href":"https:\/\/www.bluservice.it\/it\/wp-json\/wp\/v2\/comments?post=3"}],"version-history":[{"count":2,"href":"https:\/\/www.bluservice.it\/it\/wp-json\/wp\/v2\/pages\/3\/revisions"}],"predecessor-version":[{"id":4072,"href":"https:\/\/www.bluservice.it\/it\/wp-json\/wp\/v2\/pages\/3\/revisions\/4072"}],"wp:attachment":[{"href":"https:\/\/www.bluservice.it\/it\/wp-json\/wp\/v2\/media?parent=3"}],"curies":[{"name":"wp","href":"https:\/\/api.w.org\/{rel}","templated":true}]}}